{"id":11106,"date":"2024-06-03T10:18:03","date_gmt":"2024-06-03T09:18:03","guid":{"rendered":"https:\/\/clustersaude.com\/eu4health-asamblea-xeral-csg\/"},"modified":"2024-06-06T09:05:34","modified_gmt":"2024-06-06T08:05:34","slug":"eu4health-asamblea-xeral-csg","status":"publish","type":"page","link":"https:\/\/clustersaude.com\/gl\/eu4health-asamblea-xeral-csg\/","title":{"rendered":"EU4Health + Asamblea Xeral CSG"},"content":{"rendered":"\t\t<div data-elementor-type=\"wp-page\" data-elementor-id=\"11106\" class=\"elementor elementor-11106 elementor-11047\" data-elementor-post-type=\"page\">\n\t\t\t\t<div class=\"elementor-element elementor-element-794b42b e-flex e-con-boxed e-con e-parent\" data-id=\"794b42b\" data-element_type=\"container\" data-e-type=\"container\">\n\t\t\t\t\t<div class=\"e-con-inner\">\n\t\t\t\t<div class=\"elementor-element elementor-element-bc19422 elementor-widget elementor-widget-heading\" data-id=\"bc19422\" data-element_type=\"widget\" data-e-type=\"widget\" data-widget_type=\"heading.default\">\n\t\t\t\t<div class=\"elementor-widget-container\">\n\t\t\t\t\t<h2 class=\"elementor-heading-title elementor-size-default\">EU4Health + Asamblea Xeral CSG<\/h2>\t\t\t\t<\/div>\n\t\t\t\t<\/div>\n\t\t\t\t<div class=\"elementor-element elementor-element-0940686 elementor-widget elementor-widget-text-editor\" data-id=\"0940686\" data-element_type=\"widget\" data-e-type=\"widget\" data-widget_type=\"text-editor.default\">\n\t\t\t\t<div class=\"elementor-widget-container\">\n\t\t\t\t\t\t\t\t\t<p><span style=\"font-weight: 400;\">\ud83d\udcc5<\/span><span style=\"font-weight: 400;\"> D\u00eda: 25 de xu\u00f1o<\/span><\/p>\n<p><span style=\"font-weight: 400;\">\ud83d\udccd Lugar: Sal\u00f3n de Actos da Conseller\u00eda de Sanidade<\/span><\/p>\n<p><span style=\"font-weight: 400;\">\u23f0 Hora: 9:45 &#8211; 14:00 <\/span><\/p>\n<p><span style=\"font-weight: 400;\">\ud83d\udce2 Os asistentes poder\u00e1n escoller entre ir \u00e1 presentaci\u00f3n do programa, \u00e1 asamblea ou a ambas<\/span><\/p>\n\t\t\t\t\t\t\t\t<\/div>\n\t\t\t\t<\/div>\n\t\t\t\t<div class=\"elementor-element elementor-element-ebb8918 elementor-align-center elementor-widget elementor-widget-button\" data-id=\"ebb8918\" data-element_type=\"widget\" data-e-type=\"widget\" data-widget_type=\"button.default\">\n\t\t\t\t<div class=\"elementor-widget-container\">\n\t\t\t\t\t\t\t\t\t<div class=\"elementor-button-wrapper\">\n\t\t\t\t\t<a class=\"elementor-button elementor-button-link elementor-size-sm\" href=\"https:\/\/clustersaude.com\/wp-content\/uploads\/2024\/06\/EU4Health_Programa-1.pdf\" target=\"_blank\">\n\t\t\t\t\t\t<span class=\"elementor-button-content-wrapper\">\n\t\t\t\t\t\t\t\t\t<span class=\"elementor-button-text\">Descarga o programa de EU4Health<\/span>\n\t\t\t\t\t<\/span>\n\t\t\t\t\t<\/a>\n\t\t\t\t<\/div>\n\t\t\t\t\t\t\t\t<\/div>\n\t\t\t\t<\/div>\n\t\t\t\t<div class=\"elementor-element elementor-element-6436ef4 elementor-align-center elementor-widget elementor-widget-button\" data-id=\"6436ef4\" data-element_type=\"widget\" data-e-type=\"widget\" data-widget_type=\"button.default\">\n\t\t\t\t<div class=\"elementor-widget-container\">\n\t\t\t\t\t\t\t\t\t<div class=\"elementor-button-wrapper\">\n\t\t\t\t\t<a class=\"elementor-button elementor-button-link elementor-size-sm\" href=\"https:\/\/clustersaude.com\/wp-content\/uploads\/2024\/06\/Agenda_AsambleaGeneralCSG_2024.pdf\" target=\"_blank\">\n\t\t\t\t\t\t<span class=\"elementor-button-content-wrapper\">\n\t\t\t\t\t\t\t\t\t<span class=\"elementor-button-text\">Descarga o programa da Asamblea Xeral do CSG<\/span>\n\t\t\t\t\t<\/span>\n\t\t\t\t\t<\/a>\n\t\t\t\t<\/div>\n\t\t\t\t\t\t\t\t<\/div>\n\t\t\t\t<\/div>\n\t\t\t\t<div class=\"elementor-element elementor-element-3854910 elementor-widget elementor-widget-wpforms\" data-id=\"3854910\" data-element_type=\"widget\" data-e-type=\"widget\" data-widget_type=\"wpforms.default\">\n\t\t\t\t<div class=\"elementor-widget-container\">\n\t\t\t\t\t<div class=\"wpforms-container wpforms-container-full wpforms-container-save-resume\" id=\"wpforms-11041\"><form id=\"wpforms-form-11041\" class=\"wpforms-validate wpforms-form wpforms-ajax-form\" data-formid=\"11041\" method=\"post\" enctype=\"multipart\/form-data\" action=\"\/gl\/wp-json\/wp\/v2\/pages\/11106\" data-token=\"17c87ce794713e10147eaad1606654ef\" data-token-time=\"1776516608\"><noscript class=\"wpforms-error-noscript\">Por favor, activa JavaScript no teu navegador para completar este formulario.<\/noscript><div class=\"wpforms-field-container\"><div id=\"wpforms-11041-field_1-container\" class=\"wpforms-field wpforms-field-name\" data-field-id=\"1\"><label class=\"wpforms-field-label\">Nome <span class=\"wpforms-required-label\">*<\/span><\/label><div class=\"wpforms-field-row wpforms-field-medium\"><div class=\"wpforms-field-row-block wpforms-first wpforms-one-half\"><input type=\"text\" id=\"wpforms-11041-field_1\" class=\"wpforms-field-name-first wpforms-field-required\" name=\"wpforms[fields][1][first]\" required><label for=\"wpforms-11041-field_1\" class=\"wpforms-field-sublabel after\">Nome<\/label><\/div><div class=\"wpforms-field-row-block wpforms-one-half\"><input type=\"text\" id=\"wpforms-11041-field_1-last\" class=\"wpforms-field-name-last wpforms-field-required\" name=\"wpforms[fields][1][last]\" required><label for=\"wpforms-11041-field_1-last\" class=\"wpforms-field-sublabel after\">Apelidos<\/label><\/div><\/div><\/div><div id=\"wpforms-11041-field_3-container\" class=\"wpforms-field wpforms-field-email\" data-field-id=\"3\"><label class=\"wpforms-field-label\" for=\"wpforms-11041-field_3\">Correo electr\u00f3nico <span class=\"wpforms-required-label\">*<\/span><\/label><input type=\"email\" id=\"wpforms-11041-field_3\" class=\"wpforms-field-medium wpforms-field-required\" name=\"wpforms[fields][3]\" spellcheck=\"false\" required><\/div><div id=\"wpforms-11041-field_11-container\" class=\"wpforms-field wpforms-field-text\" data-field-id=\"11\"><label class=\"wpforms-field-label\" for=\"wpforms-11041-field_11\">DNI <span class=\"wpforms-required-label\">*<\/span><\/label><input type=\"text\" id=\"wpforms-11041-field_11\" class=\"wpforms-field-medium wpforms-field-required\" name=\"wpforms[fields][11]\" required><div class=\"wpforms-field-description\">*solicitado para el acceso a la Conselleria de Sanidade<\/div><\/div><div id=\"wpforms-11041-field_7-container\" class=\"wpforms-field wpforms-field-phone\" data-field-id=\"7\"><label class=\"wpforms-field-label\" for=\"wpforms-11041-field_7\">Tel\u00e9fono <span class=\"wpforms-required-label\">*<\/span><\/label><input type=\"tel\" id=\"wpforms-11041-field_7\" class=\"wpforms-field-medium wpforms-field-required wpforms-smart-phone-field\" data-rule-smart-phone-field=\"true\" name=\"wpforms[fields][7]\" aria-label=\"Tel\u00e9fono\" required><\/div><div id=\"wpforms-11041-field_2-container\" class=\"wpforms-field wpforms-field-text\" data-field-id=\"2\"><label class=\"wpforms-field-label\" for=\"wpforms-11041-field_2\">Entidade <span class=\"wpforms-required-label\">*<\/span><\/label><input type=\"text\" id=\"wpforms-11041-field_2\" class=\"wpforms-field-medium wpforms-field-required\" name=\"wpforms[fields][2]\" required><\/div><div id=\"wpforms-11041-field_6-container\" class=\"wpforms-field wpforms-field-text\" data-field-id=\"6\"><label class=\"wpforms-field-label\" for=\"wpforms-11041-field_6\">Cargo <span class=\"wpforms-required-label\">*<\/span><\/label><input type=\"text\" id=\"wpforms-11041-field_6\" class=\"wpforms-field-medium wpforms-field-required\" name=\"wpforms[fields][6]\" required><\/div><div id=\"wpforms-11041-field_4-container\" class=\"wpforms-field wpforms-field-radio wpforms-conditional-trigger\" data-field-id=\"4\"><label class=\"wpforms-field-label\">Vas a asistir \u00e1 xornada de EU4HEALTH? <span class=\"wpforms-required-label\">*<\/span><\/label><ul id=\"wpforms-11041-field_4\" class=\"wpforms-field-required\"><li class=\"choice-1 depth-1\"><input type=\"radio\" id=\"wpforms-11041-field_4_1\" name=\"wpforms[fields][4]\" value=\"Si\" required ><label class=\"wpforms-field-label-inline\" for=\"wpforms-11041-field_4_1\">Si<\/label><\/li><li class=\"choice-2 depth-1\"><input type=\"radio\" id=\"wpforms-11041-field_4_2\" name=\"wpforms[fields][4]\" value=\"Non\" required ><label class=\"wpforms-field-label-inline\" for=\"wpforms-11041-field_4_2\">Non<\/label><\/li><\/ul><\/div><div id=\"wpforms-11041-field_8-container\" class=\"wpforms-field wpforms-field-radio wpforms-conditional-field wpforms-conditional-show\" data-field-id=\"8\" style=\"display:none;\"><label class=\"wpforms-field-label\">Queres unha reuni\u00f3n bilateral coas responsables do programa EU4HEALTH?<\/label><ul id=\"wpforms-11041-field_8\"><li class=\"choice-1 depth-1\"><input type=\"radio\" id=\"wpforms-11041-field_8_1\" name=\"wpforms[fields][8]\" value=\"Si\"  ><label class=\"wpforms-field-label-inline\" for=\"wpforms-11041-field_8_1\">Si<\/label><\/li><li class=\"choice-2 depth-1\"><input type=\"radio\" id=\"wpforms-11041-field_8_2\" name=\"wpforms[fields][8]\" value=\"Non\"  ><label class=\"wpforms-field-label-inline\" for=\"wpforms-11041-field_8_2\">Non<\/label><\/li><\/ul><\/div><div id=\"wpforms-11041-field_5-container\" class=\"wpforms-field wpforms-field-radio\" data-field-id=\"5\"><label class=\"wpforms-field-label\">Vas a asistir \u00e1 Asamblea Xeral do CSG? <span class=\"wpforms-required-label\">*<\/span><\/label><ul id=\"wpforms-11041-field_5\" class=\"wpforms-field-required\"><li class=\"choice-1 depth-1\"><input type=\"radio\" id=\"wpforms-11041-field_5_1\" name=\"wpforms[fields][5]\" value=\"Si\" required ><label class=\"wpforms-field-label-inline\" for=\"wpforms-11041-field_5_1\">Si<\/label><\/li><li class=\"choice-2 depth-1\"><input type=\"radio\" id=\"wpforms-11041-field_5_2\" name=\"wpforms[fields][5]\" value=\"Non\" required ><label class=\"wpforms-field-label-inline\" for=\"wpforms-11041-field_5_2\">Non<\/label><\/li><\/ul><\/div><\/div><!-- .wpforms-field-container --><div class=\"wpforms-submit-container\" ><input type=\"hidden\" name=\"wpforms[id]\" value=\"11041\"><input type=\"hidden\" name=\"page_title\" value=\"\"><input type=\"hidden\" name=\"page_url\" value=\"https:\/\/clustersaude.com\/gl\/wp-json\/wp\/v2\/pages\/11106\"><input type=\"hidden\" name=\"url_referer\" value=\"\"><button type=\"submit\" name=\"wpforms[submit]\" id=\"wpforms-submit-11041\" class=\"wpforms-submit\" data-alt-text=\"Enviando...\" data-submit-text=\"Enviar\" aria-live=\"assertive\" value=\"wpforms-submit\">Enviar<\/button><img decoding=\"async\" src=\"https:\/\/clustersaude.com\/wp-content\/plugins\/wpforms\/assets\/images\/submit-spin.svg\" class=\"wpforms-submit-spinner\" style=\"display: none;\" width=\"26\" height=\"26\" alt=\"Cargando\"><\/div><\/form><\/div>  <!-- .wpforms-container -->\t\t\t\t<\/div>\n\t\t\t\t<\/div>\n\t\t\t\t\t<\/div>\n\t\t\t\t<\/div>\n\t\t\t\t<\/div>\n\t\t","protected":false},"excerpt":{"rendered":"<p>EU4Health + Asamblea Xeral CSG \ud83d\udcc5 D\u00eda: 25 de xu\u00f1o \ud83d\udccd Lugar: Sal\u00f3n de Actos da Conseller\u00eda de Sanidade \u23f0 Hora: 9:45 &#8211; 14:00 \ud83d\udce2 Os asistentes poder\u00e1n escoller entre ir \u00e1 presentaci\u00f3n do programa, \u00e1 asamblea ou a ambas Descarga o programa de EU4Health Descarga o programa da Asamblea Xeral do CSG Por favor, [&hellip;]<\/p>\n","protected":false},"author":1,"featured_media":0,"parent":0,"menu_order":0,"comment_status":"closed","ping_status":"closed","template":"","meta":{"_acf_changed":false,"site-sidebar-layout":"no-sidebar","site-content-layout":"page-builder","ast-site-content-layout":"full-width-container","site-content-style":"default","site-sidebar-style":"default","ast-global-header-display":"","ast-banner-title-visibility":"","ast-main-header-display":"","ast-hfb-above-header-display":"","ast-hfb-below-header-display":"","ast-hfb-mobile-header-display":"","site-post-title":"disabled","ast-breadcrumbs-content":"","ast-featured-img":"disabled","footer-sml-layout":"","ast-disable-related-posts":"","theme-transparent-header-meta":"","adv-header-id-meta":"","stick-header-meta":"","header-above-stick-meta":"","header-main-stick-meta":"","header-below-stick-meta":"","astra-migrate-meta-layouts":"default","ast-page-background-enabled":"default","ast-page-background-meta":{"desktop":{"background-color":"var(--ast-global-color-4)","background-image":"","background-repeat":"repeat","background-position":"center center","background-size":"auto","background-attachment":"scroll","background-type":"","background-media":"","overlay-type":"","overlay-color":"","overlay-opacity":"","overlay-gradient":""},"tablet":{"background-color":"","background-image":"","background-repeat":"repeat","background-position":"center center","background-size":"auto","background-attachment":"scroll","background-type":"","background-media":"","overlay-type":"","overlay-color":"","overlay-opacity":"","overlay-gradient":""},"mobile":{"background-color":"","background-image":"","background-repeat":"repeat","background-position":"center center","background-size":"auto","background-attachment":"scroll","background-type":"","background-media":"","overlay-type":"","overlay-color":"","overlay-opacity":"","overlay-gradient":""}},"ast-content-background-meta":{"desktop":{"background-color":"var(--ast-global-color-5)","background-image":"","background-repeat":"repeat","background-position":"center center","background-size":"auto","background-attachment":"scroll","background-type":"","background-media":"","overlay-type":"","overlay-color":"","overlay-opacity":"","overlay-gradient":""},"tablet":{"background-color":"var(--ast-global-color-5)","background-image":"","background-repeat":"repeat","background-position":"center center","background-size":"auto","background-attachment":"scroll","background-type":"","background-media":"","overlay-type":"","overlay-color":"","overlay-opacity":"","overlay-gradient":""},"mobile":{"background-color":"var(--ast-global-color-5)","background-image":"","background-repeat":"repeat","background-position":"center center","background-size":"auto","background-attachment":"scroll","background-type":"","background-media":"","overlay-type":"","overlay-color":"","overlay-opacity":"","overlay-gradient":""}},"footnotes":""},"class_list":["post-11106","page","type-page","status-publish","hentry"],"acf":[],"yoast_head":"<!-- This site is optimized with the Yoast SEO plugin v26.9 - https:\/\/yoast.com\/product\/yoast-seo-wordpress\/ -->\n<title>EU4Health + Asamblea Xeral CSG - Cluster Sa\u00fade de Galicia, CSG<\/title>\n<meta name=\"robots\" content=\"index, follow, max-snippet:-1, max-image-preview:large, max-video-preview:-1\" \/>\n<link rel=\"canonical\" href=\"https:\/\/clustersaude.com\/gl\/eu4health-asamblea-xeral-csg\/\" \/>\n<meta property=\"og:locale\" content=\"gl_ES\" \/>\n<meta property=\"og:type\" content=\"article\" \/>\n<meta property=\"og:title\" content=\"EU4Health + Asamblea Xeral CSG - Cluster Sa\u00fade de Galicia, CSG\" \/>\n<meta property=\"og:description\" content=\"EU4Health + Asamblea Xeral CSG \ud83d\udcc5 D\u00eda: 25 de xu\u00f1o \ud83d\udccd Lugar: Sal\u00f3n de Actos da Conseller\u00eda de Sanidade \u23f0 Hora: 9:45 &#8211; 14:00 \ud83d\udce2 Os asistentes poder\u00e1n escoller entre ir \u00e1 presentaci\u00f3n do programa, \u00e1 asamblea ou a ambas Descarga o programa de EU4Health Descarga o programa da Asamblea Xeral do CSG Por favor, [&hellip;]\" \/>\n<meta property=\"og:url\" content=\"https:\/\/clustersaude.com\/gl\/eu4health-asamblea-xeral-csg\/\" \/>\n<meta property=\"og:site_name\" content=\"Cluster Sa\u00fade de Galicia, CSG\" \/>\n<meta property=\"article:publisher\" content=\"https:\/\/twitter.com\/clustersaude\" \/>\n<meta property=\"article:modified_time\" content=\"2024-06-06T08:05:34+00:00\" \/>\n<meta property=\"og:image\" content=\"https:\/\/clustersaude.com\/wp-content\/plugins\/wpforms\/assets\/images\/submit-spin.svg\" \/>\n<meta name=\"twitter:card\" content=\"summary_large_image\" \/>\n<meta name=\"twitter:site\" content=\"@clustersaude\" \/>\n<meta name=\"twitter:label1\" content=\"Tempo de lectura\" \/>\n\t<meta name=\"twitter:data1\" content=\"1 minuto\" \/>\n<script type=\"application\/ld+json\" class=\"yoast-schema-graph\">{\"@context\":\"https:\/\/schema.org\",\"@graph\":[{\"@type\":\"WebPage\",\"@id\":\"https:\/\/clustersaude.com\/gl\/eu4health-asamblea-xeral-csg\/\",\"url\":\"https:\/\/clustersaude.com\/gl\/eu4health-asamblea-xeral-csg\/\",\"name\":\"EU4Health + Asamblea Xeral CSG - Cluster Sa\u00fade de Galicia, CSG\",\"isPartOf\":{\"@id\":\"https:\/\/clustersaude.com\/#website\"},\"primaryImageOfPage\":{\"@id\":\"https:\/\/clustersaude.com\/gl\/eu4health-asamblea-xeral-csg\/#primaryimage\"},\"image\":{\"@id\":\"https:\/\/clustersaude.com\/gl\/eu4health-asamblea-xeral-csg\/#primaryimage\"},\"thumbnailUrl\":\"https:\/\/clustersaude.com\/wp-content\/plugins\/wpforms\/assets\/images\/submit-spin.svg\",\"datePublished\":\"2024-06-03T09:18:03+00:00\",\"dateModified\":\"2024-06-06T08:05:34+00:00\",\"breadcrumb\":{\"@id\":\"https:\/\/clustersaude.com\/gl\/eu4health-asamblea-xeral-csg\/#breadcrumb\"},\"inLanguage\":\"gl-ES\",\"potentialAction\":[{\"@type\":\"ReadAction\",\"target\":[\"https:\/\/clustersaude.com\/gl\/eu4health-asamblea-xeral-csg\/\"]}]},{\"@type\":\"ImageObject\",\"inLanguage\":\"gl-ES\",\"@id\":\"https:\/\/clustersaude.com\/gl\/eu4health-asamblea-xeral-csg\/#primaryimage\",\"url\":\"https:\/\/clustersaude.com\/wp-content\/plugins\/wpforms\/assets\/images\/submit-spin.svg\",\"contentUrl\":\"https:\/\/clustersaude.com\/wp-content\/plugins\/wpforms\/assets\/images\/submit-spin.svg\"},{\"@type\":\"BreadcrumbList\",\"@id\":\"https:\/\/clustersaude.com\/gl\/eu4health-asamblea-xeral-csg\/#breadcrumb\",\"itemListElement\":[{\"@type\":\"ListItem\",\"position\":1,\"name\":\"Portada\",\"item\":\"https:\/\/clustersaude.com\/gl\/?page_id=12907\"},{\"@type\":\"ListItem\",\"position\":2,\"name\":\"EU4Health + Asamblea Xeral CSG\"}]},{\"@type\":\"WebSite\",\"@id\":\"https:\/\/clustersaude.com\/#website\",\"url\":\"https:\/\/clustersaude.com\/\",\"name\":\"Cluster Sa\u00fade de Galicia, CSG\",\"description\":\"\",\"publisher\":{\"@id\":\"https:\/\/clustersaude.com\/#organization\"},\"potentialAction\":[{\"@type\":\"SearchAction\",\"target\":{\"@type\":\"EntryPoint\",\"urlTemplate\":\"https:\/\/clustersaude.com\/?s={search_term_string}\"},\"query-input\":{\"@type\":\"PropertyValueSpecification\",\"valueRequired\":true,\"valueName\":\"search_term_string\"}}],\"inLanguage\":\"gl-ES\"},{\"@type\":\"Organization\",\"@id\":\"https:\/\/clustersaude.com\/#organization\",\"name\":\"Cluster Sa\u00fade de Galicia, CSG\",\"url\":\"https:\/\/clustersaude.com\/\",\"logo\":{\"@type\":\"ImageObject\",\"inLanguage\":\"gl-ES\",\"@id\":\"https:\/\/clustersaude.com\/#\/schema\/logo\/image\/\",\"url\":\"https:\/\/clustersaude.com\/wp-content\/uploads\/2023\/03\/csg-positivo-e1678179039305.png\",\"contentUrl\":\"https:\/\/clustersaude.com\/wp-content\/uploads\/2023\/03\/csg-positivo-e1678179039305.png\",\"width\":500,\"height\":421,\"caption\":\"Cluster Sa\u00fade de Galicia, CSG\"},\"image\":{\"@id\":\"https:\/\/clustersaude.com\/#\/schema\/logo\/image\/\"},\"sameAs\":[\"https:\/\/twitter.com\/clustersaude\",\"https:\/\/x.com\/clustersaude\",\"https:\/\/www.instagram.com\/clustersaude\/\",\"https:\/\/www.linkedin.com\/company\/cluster-sade-de-galicia\/about\/\"]}]}<\/script>\n<!-- \/ Yoast SEO plugin. -->","yoast_head_json":{"title":"EU4Health + Asamblea Xeral CSG - Cluster Sa\u00fade de Galicia, CSG","robots":{"index":"index","follow":"follow","max-snippet":"max-snippet:-1","max-image-preview":"max-image-preview:large","max-video-preview":"max-video-preview:-1"},"canonical":"https:\/\/clustersaude.com\/gl\/eu4health-asamblea-xeral-csg\/","og_locale":"gl_ES","og_type":"article","og_title":"EU4Health + Asamblea Xeral CSG - Cluster Sa\u00fade de Galicia, CSG","og_description":"EU4Health + Asamblea Xeral CSG \ud83d\udcc5 D\u00eda: 25 de xu\u00f1o \ud83d\udccd Lugar: Sal\u00f3n de Actos da Conseller\u00eda de Sanidade \u23f0 Hora: 9:45 &#8211; 14:00 \ud83d\udce2 Os asistentes poder\u00e1n escoller entre ir \u00e1 presentaci\u00f3n do programa, \u00e1 asamblea ou a ambas Descarga o programa de EU4Health Descarga o programa da Asamblea Xeral do CSG Por favor, [&hellip;]","og_url":"https:\/\/clustersaude.com\/gl\/eu4health-asamblea-xeral-csg\/","og_site_name":"Cluster Sa\u00fade de Galicia, CSG","article_publisher":"https:\/\/twitter.com\/clustersaude","article_modified_time":"2024-06-06T08:05:34+00:00","og_image":[{"url":"https:\/\/clustersaude.com\/wp-content\/plugins\/wpforms\/assets\/images\/submit-spin.svg","type":"","width":"","height":""}],"twitter_card":"summary_large_image","twitter_site":"@clustersaude","twitter_misc":{"Tempo de lectura":"1 minuto"},"schema":{"@context":"https:\/\/schema.org","@graph":[{"@type":"WebPage","@id":"https:\/\/clustersaude.com\/gl\/eu4health-asamblea-xeral-csg\/","url":"https:\/\/clustersaude.com\/gl\/eu4health-asamblea-xeral-csg\/","name":"EU4Health + Asamblea Xeral CSG - Cluster Sa\u00fade de Galicia, CSG","isPartOf":{"@id":"https:\/\/clustersaude.com\/#website"},"primaryImageOfPage":{"@id":"https:\/\/clustersaude.com\/gl\/eu4health-asamblea-xeral-csg\/#primaryimage"},"image":{"@id":"https:\/\/clustersaude.com\/gl\/eu4health-asamblea-xeral-csg\/#primaryimage"},"thumbnailUrl":"https:\/\/clustersaude.com\/wp-content\/plugins\/wpforms\/assets\/images\/submit-spin.svg","datePublished":"2024-06-03T09:18:03+00:00","dateModified":"2024-06-06T08:05:34+00:00","breadcrumb":{"@id":"https:\/\/clustersaude.com\/gl\/eu4health-asamblea-xeral-csg\/#breadcrumb"},"inLanguage":"gl-ES","potentialAction":[{"@type":"ReadAction","target":["https:\/\/clustersaude.com\/gl\/eu4health-asamblea-xeral-csg\/"]}]},{"@type":"ImageObject","inLanguage":"gl-ES","@id":"https:\/\/clustersaude.com\/gl\/eu4health-asamblea-xeral-csg\/#primaryimage","url":"https:\/\/clustersaude.com\/wp-content\/plugins\/wpforms\/assets\/images\/submit-spin.svg","contentUrl":"https:\/\/clustersaude.com\/wp-content\/plugins\/wpforms\/assets\/images\/submit-spin.svg"},{"@type":"BreadcrumbList","@id":"https:\/\/clustersaude.com\/gl\/eu4health-asamblea-xeral-csg\/#breadcrumb","itemListElement":[{"@type":"ListItem","position":1,"name":"Portada","item":"https:\/\/clustersaude.com\/gl\/?page_id=12907"},{"@type":"ListItem","position":2,"name":"EU4Health + Asamblea Xeral CSG"}]},{"@type":"WebSite","@id":"https:\/\/clustersaude.com\/#website","url":"https:\/\/clustersaude.com\/","name":"Cluster Sa\u00fade de Galicia, CSG","description":"","publisher":{"@id":"https:\/\/clustersaude.com\/#organization"},"potentialAction":[{"@type":"SearchAction","target":{"@type":"EntryPoint","urlTemplate":"https:\/\/clustersaude.com\/?s={search_term_string}"},"query-input":{"@type":"PropertyValueSpecification","valueRequired":true,"valueName":"search_term_string"}}],"inLanguage":"gl-ES"},{"@type":"Organization","@id":"https:\/\/clustersaude.com\/#organization","name":"Cluster Sa\u00fade de Galicia, CSG","url":"https:\/\/clustersaude.com\/","logo":{"@type":"ImageObject","inLanguage":"gl-ES","@id":"https:\/\/clustersaude.com\/#\/schema\/logo\/image\/","url":"https:\/\/clustersaude.com\/wp-content\/uploads\/2023\/03\/csg-positivo-e1678179039305.png","contentUrl":"https:\/\/clustersaude.com\/wp-content\/uploads\/2023\/03\/csg-positivo-e1678179039305.png","width":500,"height":421,"caption":"Cluster Sa\u00fade de Galicia, CSG"},"image":{"@id":"https:\/\/clustersaude.com\/#\/schema\/logo\/image\/"},"sameAs":["https:\/\/twitter.com\/clustersaude","https:\/\/x.com\/clustersaude","https:\/\/www.instagram.com\/clustersaude\/","https:\/\/www.linkedin.com\/company\/cluster-sade-de-galicia\/about\/"]}]}},"_links":{"self":[{"href":"https:\/\/clustersaude.com\/gl\/wp-json\/wp\/v2\/pages\/11106","targetHints":{"allow":["GET"]}}],"collection":[{"href":"https:\/\/clustersaude.com\/gl\/wp-json\/wp\/v2\/pages"}],"about":[{"href":"https:\/\/clustersaude.com\/gl\/wp-json\/wp\/v2\/types\/page"}],"author":[{"embeddable":true,"href":"https:\/\/clustersaude.com\/gl\/wp-json\/wp\/v2\/users\/1"}],"replies":[{"embeddable":true,"href":"https:\/\/clustersaude.com\/gl\/wp-json\/wp\/v2\/comments?post=11106"}],"version-history":[{"count":11,"href":"https:\/\/clustersaude.com\/gl\/wp-json\/wp\/v2\/pages\/11106\/revisions"}],"predecessor-version":[{"id":11165,"href":"https:\/\/clustersaude.com\/gl\/wp-json\/wp\/v2\/pages\/11106\/revisions\/11165"}],"wp:attachment":[{"href":"https:\/\/clustersaude.com\/gl\/wp-json\/wp\/v2\/media?parent=11106"}],"curies":[{"name":"wp","href":"https:\/\/api.w.org\/{rel}","templated":true}]}}