{"id":9986,"date":"2023-11-15T08:47:58","date_gmt":"2023-11-15T07:47:58","guid":{"rendered":"https:\/\/clustersaude.com\/ries23-survey\/"},"modified":"2023-11-15T08:49:47","modified_gmt":"2023-11-15T07:49:47","slug":"ries23-survey","status":"publish","type":"page","link":"https:\/\/clustersaude.com\/en\/ries23-survey\/","title":{"rendered":"#RIES23 Survey"},"content":{"rendered":"\t\t<div data-elementor-type=\"wp-page\" data-elementor-id=\"9986\" class=\"elementor elementor-9986\" data-elementor-post-type=\"page\">\n\t\t\t\t<div class=\"elementor-element elementor-element-59db29e e-flex e-con-boxed e-con e-parent\" data-id=\"59db29e\" data-element_type=\"container\" data-e-type=\"container\">\n\t\t\t\t\t<div class=\"e-con-inner\">\n\t\t\t\t<div class=\"elementor-element elementor-element-9c59e8e elementor-widget elementor-widget-text-editor\" data-id=\"9c59e8e\" data-element_type=\"widget\" data-e-type=\"widget\" data-widget_type=\"text-editor.default\">\n\t\t\t\t<div class=\"elementor-widget-container\">\n\t\t\t\t\t\t\t\t\t<p>#RIES23 Survey<\/p>\n\t\t\t\t\t\t\t\t<\/div>\n\t\t\t\t<\/div>\n\t\t\t\t\t<\/div>\n\t\t\t\t<\/div>\n\t\t<div class=\"elementor-element elementor-element-210c085 e-flex e-con-boxed e-con e-parent\" data-id=\"210c085\" data-element_type=\"container\" data-e-type=\"container\">\n\t\t\t\t\t<div class=\"e-con-inner\">\n\t\t\t\t<div class=\"elementor-element elementor-element-2a0391a elementor-widget elementor-widget-wpforms\" data-id=\"2a0391a\" data-element_type=\"widget\" data-e-type=\"widget\" data-widget_type=\"wpforms.default\">\n\t\t\t\t<div class=\"elementor-widget-container\">\n\t\t\t\t\t<div class=\"wpforms-container wpforms-container-full wpforms-container-save-resume\" id=\"wpforms-9865\"><form id=\"wpforms-form-9865\" class=\"wpforms-validate wpforms-form wpforms-ajax-form\" data-formid=\"9865\" method=\"post\" enctype=\"multipart\/form-data\" action=\"\/en\/wp-json\/wp\/v2\/pages\/9986\" data-token=\"961c056d0530bb76a3b159119ff3dc39\" data-token-time=\"1776506586\"><noscript class=\"wpforms-error-noscript\">Please enable JavaScript in your browser to complete this form.<\/noscript><div class=\"wpforms-field-container\"><div id=\"wpforms-9865-field_3-container\" class=\"wpforms-field wpforms-field-number-slider\" data-field-id=\"3\"><label class=\"wpforms-field-label\" for=\"wpforms-9865-field_3\">Overall, did the event experience meet your expectations?<\/label>\n<input\n\ttype=\"range\"\n\tid=\"wpforms-9865-field_3\" class=\"wpforms-field-medium\" name=\"wpforms[fields][3]\" value=\"5\"\t\tmin=\"0\"\n\tmax=\"5\"\n\tstep=\"1\">\n\n<div class=\"wpforms-field-number-slider-hint\"\n\tdata-hint=\"Valor seleccionado: {value}\">\n\tValor seleccionado: <b>5<\/b><\/div>\n<div class=\"wpforms-field-description\">Rate from 1 to 5 (5 being the highest score)<\/div><\/div><div id=\"wpforms-9865-field_4-container\" class=\"wpforms-field wpforms-field-number-slider\" data-field-id=\"4\"><label class=\"wpforms-field-label\" for=\"wpforms-9865-field_4\">In relation to the different presentations, how would you rate the contents addressed?<\/label>\n<input\n\ttype=\"range\"\n\tid=\"wpforms-9865-field_4\" class=\"wpforms-field-medium\" name=\"wpforms[fields][4]\" value=\"5\"\t\tmin=\"0\"\n\tmax=\"5\"\n\tstep=\"1\">\n\n<div class=\"wpforms-field-number-slider-hint\"\n\tdata-hint=\"Valor seleccionado: {value}\">\n\tValor seleccionado: <b>5<\/b><\/div>\n<div class=\"wpforms-field-description\">Rate from 1 to 5 (5 being the highest score)<\/div><\/div><div id=\"wpforms-9865-field_5-container\" class=\"wpforms-field wpforms-field-number-slider\" data-field-id=\"5\"><label class=\"wpforms-field-label\" for=\"wpforms-9865-field_5\">In relation to the speakers, how would you rate them in general, their presentations and contributions to the event?<\/label>\n<input\n\ttype=\"range\"\n\tid=\"wpforms-9865-field_5\" class=\"wpforms-field-medium\" name=\"wpforms[fields][5]\" value=\"5\"\t\tmin=\"0\"\n\tmax=\"5\"\n\tstep=\"1\">\n\n<div class=\"wpforms-field-number-slider-hint\"\n\tdata-hint=\"Valor seleccionado: {value}\">\n\tValor seleccionado: <b>5<\/b><\/div>\n<div class=\"wpforms-field-description\">Rate from 1 to 5 (5 being the highest score)<\/div><\/div><div id=\"wpforms-9865-field_6-container\" class=\"wpforms-field wpforms-field-number-slider\" data-field-id=\"6\"><label class=\"wpforms-field-label\" for=\"wpforms-9865-field_6\">What did you think of the #RIES23 communication?<\/label>\n<input\n\ttype=\"range\"\n\tid=\"wpforms-9865-field_6\" class=\"wpforms-field-medium\" name=\"wpforms[fields][6]\" value=\"5\"\t\tmin=\"0\"\n\tmax=\"5\"\n\tstep=\"1\">\n\n<div class=\"wpforms-field-number-slider-hint\"\n\tdata-hint=\"Valor seleccionado: {value}\">\n\tValor seleccionado: <b>5<\/b><\/div>\n<div class=\"wpforms-field-description\">Rate from 1 to 5 (5 being the highest score)<\/div><\/div><div id=\"wpforms-9865-field_11-container\" class=\"wpforms-field wpforms-field-textarea\" data-field-id=\"11\"><label class=\"wpforms-field-label\" for=\"wpforms-9865-field_11\">In this space you can add any comments regarding the previous questions<\/label><textarea id=\"wpforms-9865-field_11\" class=\"wpforms-field-medium\" name=\"wpforms[fields][11]\" ><\/textarea><\/div><div id=\"wpforms-9865-field_7-container\" class=\"wpforms-field wpforms-field-textarea\" data-field-id=\"7\"><label class=\"wpforms-field-label\" for=\"wpforms-9865-field_7\">According to your perception, what was the moment\/experience where there was the most interaction? What was the space with the greatest participation? (Gala Dinner, Keynotes, Showroom, Lunch, Cafes, Agoras, activities parallel to the event) <span class=\"wpforms-required-label\">*<\/span><\/label><textarea id=\"wpforms-9865-field_7\" class=\"wpforms-field-medium wpforms-field-required\" name=\"wpforms[fields][7]\" required><\/textarea><\/div><div id=\"wpforms-9865-field_9-container\" class=\"wpforms-field wpforms-field-textarea\" data-field-id=\"9\"><label class=\"wpforms-field-label\" for=\"wpforms-9865-field_9\">What do you think #RIES23 has contributed to you? <span class=\"wpforms-required-label\">*<\/span><\/label><textarea id=\"wpforms-9865-field_9\" class=\"wpforms-field-medium wpforms-field-required\" name=\"wpforms[fields][9]\" required><\/textarea><\/div><div id=\"wpforms-9865-field_10-container\" class=\"wpforms-field wpforms-field-textarea\" data-field-id=\"10\"><label class=\"wpforms-field-label\" for=\"wpforms-9865-field_10\">How would you like #RIES24 to be? <span class=\"wpforms-required-label\">*<\/span><\/label><textarea id=\"wpforms-9865-field_10\" class=\"wpforms-field-medium wpforms-field-required\" name=\"wpforms[fields][10]\" required><\/textarea><\/div><div id=\"wpforms-9865-field_12-container\" class=\"wpforms-field wpforms-field-email\" data-field-id=\"12\"><label class=\"wpforms-field-label\" for=\"wpforms-9865-field_12\">Email<\/label><input type=\"email\" id=\"wpforms-9865-field_12\" class=\"wpforms-field-medium\" name=\"wpforms[fields][12]\" spellcheck=\"false\" ><div class=\"wpforms-field-description\">Optional, to be able to follow up on feedback<\/div><\/div><div id=\"wpforms-9865-field_8-container\" class=\"wpforms-field wpforms-field-checkbox wpforms-list-2-columns\" data-field-id=\"8\"><label class=\"wpforms-field-label\">In relation to the CSG; Could you check the actions you know about from CSG?<\/label><ul id=\"wpforms-9865-field_8\"><li class=\"choice-1 depth-1\"><input type=\"checkbox\" id=\"wpforms-9865-field_8_1\" name=\"wpforms[fields][8][]\" value=\"#RIES\"  ><label class=\"wpforms-field-label-inline\" for=\"wpforms-9865-field_8_1\">#RIES<\/label><\/li><li class=\"choice-2 depth-1\"><input type=\"checkbox\" id=\"wpforms-9865-field_8_2\" name=\"wpforms[fields][8][]\" value=\"LEX (Learning Expeditions)\"  ><label class=\"wpforms-field-label-inline\" for=\"wpforms-9865-field_8_2\">LEX (Learning Expeditions)<\/label><\/li><li class=\"choice-3 depth-1\"><input type=\"checkbox\" id=\"wpforms-9865-field_8_3\" name=\"wpforms[fields][8][]\" value=\"KIT Sa\u00fade\"  ><label class=\"wpforms-field-label-inline\" for=\"wpforms-9865-field_8_3\">KIT Sa\u00fade<\/label><\/li><li class=\"choice-4 depth-1\"><input type=\"checkbox\" id=\"wpforms-9865-field_8_4\" name=\"wpforms[fields][8][]\" value=\"Possibility of testing in the CSG Living Lab network (www.itgall.tech)\"  ><label class=\"wpforms-field-label-inline\" for=\"wpforms-9865-field_8_4\">Possibility of testing in the CSG Living Lab network (www.itgall.tech)<\/label><\/li><li class=\"choice-12 depth-1\"><input type=\"checkbox\" id=\"wpforms-9865-field_8_12\" name=\"wpforms[fields][8][]\" value=\"Greentech Line (Green One Health)\"  ><label class=\"wpforms-field-label-inline\" for=\"wpforms-9865-field_8_12\">Greentech Line (Green One Health)<\/label><\/li><li class=\"choice-5 depth-1\"><input type=\"checkbox\" id=\"wpforms-9865-field_8_5\" name=\"wpforms[fields][8][]\" value=\"Intercluster actions with the #ClustersSaludEspa\u00f1a network\"  ><label class=\"wpforms-field-label-inline\" for=\"wpforms-9865-field_8_5\">Intercluster actions with the #ClustersSaludEspa\u00f1a network<\/label><\/li><li class=\"choice-6 depth-1\"><input type=\"checkbox\" id=\"wpforms-9865-field_8_6\" name=\"wpforms[fields][8][]\" value=\"Personalized Consulting Services (support in the formation of consortium for regional\/national\/international calls, BtoB agreements, etc.)\"  ><label class=\"wpforms-field-label-inline\" for=\"wpforms-9865-field_8_6\">Personalized Consulting Services (support in the formation of consortium for regional\/national\/international calls, BtoB agreements, etc.)<\/label><\/li><li class=\"choice-8 depth-1\"><input type=\"checkbox\" id=\"wpforms-9865-field_8_8\" name=\"wpforms[fields][8][]\" value=\"European projects (Senior Eco-Nect, EDIH)\"  ><label class=\"wpforms-field-label-inline\" for=\"wpforms-9865-field_8_8\">European projects (Senior Eco-Nect, EDIH)<\/label><\/li><li class=\"choice-9 depth-1\"><input type=\"checkbox\" id=\"wpforms-9865-field_8_9\" name=\"wpforms[fields][8][]\" value=\"Training (thematic webinars, Obradoiros, etc.)\"  ><label class=\"wpforms-field-label-inline\" for=\"wpforms-9865-field_8_9\">Training (thematic webinars, Obradoiros, etc.)<\/label><\/li><li class=\"choice-10 depth-1\"><input type=\"checkbox\" id=\"wpforms-9865-field_8_10\" name=\"wpforms[fields][8][]\" value=\"None of the above\"  ><label class=\"wpforms-field-label-inline\" for=\"wpforms-9865-field_8_10\">None of the above<\/label><\/li><li class=\"choice-11 depth-1\"><input type=\"checkbox\" id=\"wpforms-9865-field_8_11\" name=\"wpforms[fields][8][]\" value=\"Other\"  ><label class=\"wpforms-field-label-inline\" for=\"wpforms-9865-field_8_11\">Other<\/label><\/li><\/ul><\/div><\/div><!-- .wpforms-field-container --><div class=\"wpforms-submit-container\" ><input type=\"hidden\" name=\"wpforms[id]\" value=\"9865\"><input type=\"hidden\" name=\"page_title\" value=\"\"><input type=\"hidden\" name=\"page_url\" value=\"https:\/\/clustersaude.com\/en\/wp-json\/wp\/v2\/pages\/9986\"><input type=\"hidden\" name=\"url_referer\" value=\"\"><button type=\"submit\" name=\"wpforms[submit]\" id=\"wpforms-submit-9865\" class=\"wpforms-submit\" data-alt-text=\"Sending...\" data-submit-text=\"Send\" aria-live=\"assertive\" value=\"wpforms-submit\">Send<\/button><img decoding=\"async\" src=\"https:\/\/clustersaude.com\/wp-content\/plugins\/wpforms\/assets\/images\/submit-spin.svg\" class=\"wpforms-submit-spinner\" style=\"display: none;\" width=\"26\" height=\"26\" alt=\"Loading\"><\/div><\/form><\/div>  <!-- .wpforms-container -->\t\t\t\t<\/div>\n\t\t\t\t<\/div>\n\t\t\t\t\t<\/div>\n\t\t\t\t<\/div>\n\t\t\t\t<\/div>\n\t\t","protected":false},"excerpt":{"rendered":"<p>#RIES23 Survey Por favor, activa JavaScript en tu navegador para completar este formulario.En general, \u00bfel evento experiencia cubri\u00f3 tus expectativas? Valor seleccionado: 5 Punt\u00faa del 1 al 5 (siendo el 5 la m\u00e1xima puntuaci\u00f3n)En relaci\u00f3n a las diferentes ponencias, \u00bfc\u00f3mo calificar\u00edas los contenidos abordados? Valor seleccionado: 5 Punt\u00faa del 1 al 5 (siendo el 5 [&hellip;]<\/p>\n","protected":false},"author":1,"featured_media":0,"parent":0,"menu_order":0,"comment_status":"closed","ping_status":"closed","template":"","meta":{"_acf_changed":false,"site-sidebar-layout":"no-sidebar","site-content-layout":"page-builder","ast-site-content-layout":"default","site-content-style":"default","site-sidebar-style":"default","ast-global-header-display":"","ast-banner-title-visibility":"","ast-main-header-display":"","ast-hfb-above-header-display":"","ast-hfb-below-header-display":"","ast-hfb-mobile-header-display":"","site-post-title":"disabled","ast-breadcrumbs-content":"","ast-featured-img":"disabled","footer-sml-layout":"","ast-disable-related-posts":"","theme-transparent-header-meta":"","adv-header-id-meta":"","stick-header-meta":"","header-above-stick-meta":"","header-main-stick-meta":"","header-below-stick-meta":"","astra-migrate-meta-layouts":"default","ast-page-background-enabled":"default","ast-page-background-meta":{"desktop":{"background-color":"var(--ast-global-color-4)","background-image":"","background-repeat":"repeat","background-position":"center center","background-size":"auto","background-attachment":"scroll","background-type":"","background-media":"","overlay-type":"","overlay-color":"","overlay-opacity":"","overlay-gradient":""},"tablet":{"background-color":"","background-image":"","background-repeat":"repeat","background-position":"center center","background-size":"auto","background-attachment":"scroll","background-type":"","background-media":"","overlay-type":"","overlay-color":"","overlay-opacity":"","overlay-gradient":""},"mobile":{"background-color":"","background-image":"","background-repeat":"repeat","background-position":"center center","background-size":"auto","background-attachment":"scroll","background-type":"","background-media":"","overlay-type":"","overlay-color":"","overlay-opacity":"","overlay-gradient":""}},"ast-content-background-meta":{"desktop":{"background-color":"var(--ast-global-color-5)","background-image":"","background-repeat":"repeat","background-position":"center center","background-size":"auto","background-attachment":"scroll","background-type":"","background-media":"","overlay-type":"","overlay-color":"","overlay-opacity":"","overlay-gradient":""},"tablet":{"background-color":"var(--ast-global-color-5)","background-image":"","background-repeat":"repeat","background-position":"center center","background-size":"auto","background-attachment":"scroll","background-type":"","background-media":"","overlay-type":"","overlay-color":"","overlay-opacity":"","overlay-gradient":""},"mobile":{"background-color":"var(--ast-global-color-5)","background-image":"","background-repeat":"repeat","background-position":"center center","background-size":"auto","background-attachment":"scroll","background-type":"","background-media":"","overlay-type":"","overlay-color":"","overlay-opacity":"","overlay-gradient":""}},"footnotes":""},"class_list":["post-9986","page","type-page","status-publish","hentry"],"acf":[],"yoast_head":"<!-- This site is optimized with the Yoast SEO plugin v26.9 - https:\/\/yoast.com\/product\/yoast-seo-wordpress\/ -->\n<title>#RIES23 Survey - Cluster Sa\u00fade de Galicia, CSG<\/title>\n<meta name=\"robots\" content=\"index, follow, max-snippet:-1, max-image-preview:large, max-video-preview:-1\" \/>\n<link rel=\"canonical\" href=\"https:\/\/clustersaude.com\/en\/ries23-survey\/\" \/>\n<meta property=\"og:locale\" content=\"en_US\" \/>\n<meta property=\"og:type\" content=\"article\" \/>\n<meta property=\"og:title\" content=\"#RIES23 Survey - Cluster Sa\u00fade de Galicia, CSG\" \/>\n<meta property=\"og:description\" content=\"#RIES23 Survey Por favor, activa JavaScript en tu navegador para completar este formulario.En general, \u00bfel evento experiencia cubri\u00f3 tus expectativas? Valor seleccionado: 5 Punt\u00faa del 1 al 5 (siendo el 5 la m\u00e1xima puntuaci\u00f3n)En relaci\u00f3n a las diferentes ponencias, \u00bfc\u00f3mo calificar\u00edas los contenidos abordados? Valor seleccionado: 5 Punt\u00faa del 1 al 5 (siendo el 5 [&hellip;]\" \/>\n<meta property=\"og:url\" content=\"https:\/\/clustersaude.com\/en\/ries23-survey\/\" \/>\n<meta property=\"og:site_name\" content=\"Cluster Sa\u00fade de Galicia, CSG\" \/>\n<meta property=\"article:publisher\" content=\"https:\/\/twitter.com\/clustersaude\" \/>\n<meta property=\"article:modified_time\" content=\"2023-11-15T07:49:47+00:00\" \/>\n<meta property=\"og:image\" content=\"https:\/\/clustersaude.com\/wp-content\/plugins\/wpforms\/assets\/images\/submit-spin.svg\" \/>\n<meta name=\"twitter:card\" content=\"summary_large_image\" \/>\n<meta name=\"twitter:site\" content=\"@clustersaude\" \/>\n<meta name=\"twitter:label1\" content=\"Est. reading time\" \/>\n\t<meta name=\"twitter:data1\" content=\"1 minute\" \/>\n<script type=\"application\/ld+json\" class=\"yoast-schema-graph\">{\"@context\":\"https:\/\/schema.org\",\"@graph\":[{\"@type\":\"WebPage\",\"@id\":\"https:\/\/clustersaude.com\/en\/ries23-survey\/\",\"url\":\"https:\/\/clustersaude.com\/en\/ries23-survey\/\",\"name\":\"#RIES23 Survey - Cluster Sa\u00fade de Galicia, CSG\",\"isPartOf\":{\"@id\":\"https:\/\/clustersaude.com\/#website\"},\"primaryImageOfPage\":{\"@id\":\"https:\/\/clustersaude.com\/en\/ries23-survey\/#primaryimage\"},\"image\":{\"@id\":\"https:\/\/clustersaude.com\/en\/ries23-survey\/#primaryimage\"},\"thumbnailUrl\":\"https:\/\/clustersaude.com\/wp-content\/plugins\/wpforms\/assets\/images\/submit-spin.svg\",\"datePublished\":\"2023-11-15T07:47:58+00:00\",\"dateModified\":\"2023-11-15T07:49:47+00:00\",\"breadcrumb\":{\"@id\":\"https:\/\/clustersaude.com\/en\/ries23-survey\/#breadcrumb\"},\"inLanguage\":\"en-US\",\"potentialAction\":[{\"@type\":\"ReadAction\",\"target\":[\"https:\/\/clustersaude.com\/en\/ries23-survey\/\"]}]},{\"@type\":\"ImageObject\",\"inLanguage\":\"en-US\",\"@id\":\"https:\/\/clustersaude.com\/en\/ries23-survey\/#primaryimage\",\"url\":\"https:\/\/clustersaude.com\/wp-content\/plugins\/wpforms\/assets\/images\/submit-spin.svg\",\"contentUrl\":\"https:\/\/clustersaude.com\/wp-content\/plugins\/wpforms\/assets\/images\/submit-spin.svg\"},{\"@type\":\"BreadcrumbList\",\"@id\":\"https:\/\/clustersaude.com\/en\/ries23-survey\/#breadcrumb\",\"itemListElement\":[{\"@type\":\"ListItem\",\"position\":1,\"name\":\"Portada\",\"item\":\"https:\/\/clustersaude.com\/en\/?page_id=12906\"},{\"@type\":\"ListItem\",\"position\":2,\"name\":\"#RIES23 Survey\"}]},{\"@type\":\"WebSite\",\"@id\":\"https:\/\/clustersaude.com\/#website\",\"url\":\"https:\/\/clustersaude.com\/\",\"name\":\"Cluster Sa\u00fade de Galicia, CSG\",\"description\":\"\",\"publisher\":{\"@id\":\"https:\/\/clustersaude.com\/#organization\"},\"potentialAction\":[{\"@type\":\"SearchAction\",\"target\":{\"@type\":\"EntryPoint\",\"urlTemplate\":\"https:\/\/clustersaude.com\/?s={search_term_string}\"},\"query-input\":{\"@type\":\"PropertyValueSpecification\",\"valueRequired\":true,\"valueName\":\"search_term_string\"}}],\"inLanguage\":\"en-US\"},{\"@type\":\"Organization\",\"@id\":\"https:\/\/clustersaude.com\/#organization\",\"name\":\"Cluster Sa\u00fade de Galicia, CSG\",\"url\":\"https:\/\/clustersaude.com\/\",\"logo\":{\"@type\":\"ImageObject\",\"inLanguage\":\"en-US\",\"@id\":\"https:\/\/clustersaude.com\/#\/schema\/logo\/image\/\",\"url\":\"https:\/\/clustersaude.com\/wp-content\/uploads\/2023\/06\/220323-csg-LOGO-ingles-sin-slogan.png\",\"contentUrl\":\"https:\/\/clustersaude.com\/wp-content\/uploads\/2023\/06\/220323-csg-LOGO-ingles-sin-slogan.png\",\"width\":1200,\"height\":1200,\"caption\":\"Cluster Sa\u00fade de Galicia, CSG\"},\"image\":{\"@id\":\"https:\/\/clustersaude.com\/#\/schema\/logo\/image\/\"},\"sameAs\":[\"https:\/\/twitter.com\/clustersaude\",\"https:\/\/x.com\/clustersaude\",\"https:\/\/www.instagram.com\/clustersaude\/\",\"https:\/\/www.linkedin.com\/company\/cluster-sade-de-galicia\/about\/\"]}]}<\/script>\n<!-- \/ Yoast SEO plugin. -->","yoast_head_json":{"title":"#RIES23 Survey - Cluster Sa\u00fade de Galicia, CSG","robots":{"index":"index","follow":"follow","max-snippet":"max-snippet:-1","max-image-preview":"max-image-preview:large","max-video-preview":"max-video-preview:-1"},"canonical":"https:\/\/clustersaude.com\/en\/ries23-survey\/","og_locale":"en_US","og_type":"article","og_title":"#RIES23 Survey - Cluster Sa\u00fade de Galicia, CSG","og_description":"#RIES23 Survey Por favor, activa JavaScript en tu navegador para completar este formulario.En general, \u00bfel evento experiencia cubri\u00f3 tus expectativas? Valor seleccionado: 5 Punt\u00faa del 1 al 5 (siendo el 5 la m\u00e1xima puntuaci\u00f3n)En relaci\u00f3n a las diferentes ponencias, \u00bfc\u00f3mo calificar\u00edas los contenidos abordados? Valor seleccionado: 5 Punt\u00faa del 1 al 5 (siendo el 5 [&hellip;]","og_url":"https:\/\/clustersaude.com\/en\/ries23-survey\/","og_site_name":"Cluster Sa\u00fade de Galicia, CSG","article_publisher":"https:\/\/twitter.com\/clustersaude","article_modified_time":"2023-11-15T07:49:47+00:00","og_image":[{"url":"https:\/\/clustersaude.com\/wp-content\/plugins\/wpforms\/assets\/images\/submit-spin.svg","type":"","width":"","height":""}],"twitter_card":"summary_large_image","twitter_site":"@clustersaude","twitter_misc":{"Est. reading time":"1 minute"},"schema":{"@context":"https:\/\/schema.org","@graph":[{"@type":"WebPage","@id":"https:\/\/clustersaude.com\/en\/ries23-survey\/","url":"https:\/\/clustersaude.com\/en\/ries23-survey\/","name":"#RIES23 Survey - Cluster Sa\u00fade de Galicia, CSG","isPartOf":{"@id":"https:\/\/clustersaude.com\/#website"},"primaryImageOfPage":{"@id":"https:\/\/clustersaude.com\/en\/ries23-survey\/#primaryimage"},"image":{"@id":"https:\/\/clustersaude.com\/en\/ries23-survey\/#primaryimage"},"thumbnailUrl":"https:\/\/clustersaude.com\/wp-content\/plugins\/wpforms\/assets\/images\/submit-spin.svg","datePublished":"2023-11-15T07:47:58+00:00","dateModified":"2023-11-15T07:49:47+00:00","breadcrumb":{"@id":"https:\/\/clustersaude.com\/en\/ries23-survey\/#breadcrumb"},"inLanguage":"en-US","potentialAction":[{"@type":"ReadAction","target":["https:\/\/clustersaude.com\/en\/ries23-survey\/"]}]},{"@type":"ImageObject","inLanguage":"en-US","@id":"https:\/\/clustersaude.com\/en\/ries23-survey\/#primaryimage","url":"https:\/\/clustersaude.com\/wp-content\/plugins\/wpforms\/assets\/images\/submit-spin.svg","contentUrl":"https:\/\/clustersaude.com\/wp-content\/plugins\/wpforms\/assets\/images\/submit-spin.svg"},{"@type":"BreadcrumbList","@id":"https:\/\/clustersaude.com\/en\/ries23-survey\/#breadcrumb","itemListElement":[{"@type":"ListItem","position":1,"name":"Portada","item":"https:\/\/clustersaude.com\/en\/?page_id=12906"},{"@type":"ListItem","position":2,"name":"#RIES23 Survey"}]},{"@type":"WebSite","@id":"https:\/\/clustersaude.com\/#website","url":"https:\/\/clustersaude.com\/","name":"Cluster Sa\u00fade de Galicia, CSG","description":"","publisher":{"@id":"https:\/\/clustersaude.com\/#organization"},"potentialAction":[{"@type":"SearchAction","target":{"@type":"EntryPoint","urlTemplate":"https:\/\/clustersaude.com\/?s={search_term_string}"},"query-input":{"@type":"PropertyValueSpecification","valueRequired":true,"valueName":"search_term_string"}}],"inLanguage":"en-US"},{"@type":"Organization","@id":"https:\/\/clustersaude.com\/#organization","name":"Cluster Sa\u00fade de Galicia, CSG","url":"https:\/\/clustersaude.com\/","logo":{"@type":"ImageObject","inLanguage":"en-US","@id":"https:\/\/clustersaude.com\/#\/schema\/logo\/image\/","url":"https:\/\/clustersaude.com\/wp-content\/uploads\/2023\/06\/220323-csg-LOGO-ingles-sin-slogan.png","contentUrl":"https:\/\/clustersaude.com\/wp-content\/uploads\/2023\/06\/220323-csg-LOGO-ingles-sin-slogan.png","width":1200,"height":1200,"caption":"Cluster Sa\u00fade de Galicia, CSG"},"image":{"@id":"https:\/\/clustersaude.com\/#\/schema\/logo\/image\/"},"sameAs":["https:\/\/twitter.com\/clustersaude","https:\/\/x.com\/clustersaude","https:\/\/www.instagram.com\/clustersaude\/","https:\/\/www.linkedin.com\/company\/cluster-sade-de-galicia\/about\/"]}]}},"_links":{"self":[{"href":"https:\/\/clustersaude.com\/en\/wp-json\/wp\/v2\/pages\/9986","targetHints":{"allow":["GET"]}}],"collection":[{"href":"https:\/\/clustersaude.com\/en\/wp-json\/wp\/v2\/pages"}],"about":[{"href":"https:\/\/clustersaude.com\/en\/wp-json\/wp\/v2\/types\/page"}],"author":[{"embeddable":true,"href":"https:\/\/clustersaude.com\/en\/wp-json\/wp\/v2\/users\/1"}],"replies":[{"embeddable":true,"href":"https:\/\/clustersaude.com\/en\/wp-json\/wp\/v2\/comments?post=9986"}],"version-history":[{"count":3,"href":"https:\/\/clustersaude.com\/en\/wp-json\/wp\/v2\/pages\/9986\/revisions"}],"predecessor-version":[{"id":9989,"href":"https:\/\/clustersaude.com\/en\/wp-json\/wp\/v2\/pages\/9986\/revisions\/9989"}],"wp:attachment":[{"href":"https:\/\/clustersaude.com\/en\/wp-json\/wp\/v2\/media?parent=9986"}],"curies":[{"name":"wp","href":"https:\/\/api.w.org\/{rel}","templated":true}]}}